{"id":426,"date":"2021-04-16T13:05:52","date_gmt":"2021-04-16T13:05:52","guid":{"rendered":"http:\/\/z.commonsupport.com\/scubo\/?page_id=426"},"modified":"2026-02-21T12:55:47","modified_gmt":"2026-02-21T12:55:47","slug":"thai-e-djuli-2","status":"publish","type":"page","link":"https:\/\/somossubaquatica.com.br\/index.php\/thai-e-djuli-2\/","title":{"rendered":"Quem Somos"},"content":{"rendered":"\t\t<div data-elementor-type=\"wp-page\" data-elementor-id=\"426\" class=\"elementor elementor-426\">\n\t\t\t\t\t\t<section class=\"elementor-section elementor-top-section elementor-element elementor-element-226ae87f elementor-section-boxed elementor-section-height-default elementor-section-height-default\" data-id=\"226ae87f\" data-element_type=\"section\" data-e-type=\"section\">\n\t\t\t\t\t\t<div class=\"elementor-container elementor-column-gap-no\">\n\t\t\t\t\t<div class=\"elementor-column elementor-col-50 elementor-top-column elementor-element elementor-element-3cbfc61d\" data-id=\"3cbfc61d\" data-element_type=\"column\" data-e-type=\"column\">\n\t\t\t<div class=\"elementor-widget-wrap elementor-element-populated\">\n\t\t\t\t\t\t<div class=\"elementor-element elementor-element-3f799dbc elementor-widget elementor-widget-scubo_team_details_left\" data-id=\"3f799dbc\" data-element_type=\"widget\" data-e-type=\"widget\" data-widget_type=\"scubo_team_details_left.default\">\n\t\t\t\t<div class=\"elementor-widget-container\">\n\t\t\t\t\t\t\t\n\t\t<!--Start Team Area-->\n\t\t<section class=\"one team-single-area\">\n\t\t\t<div class=\"container\">\n\t\t\t\t<div class=\"row\">\n\t\t\t\t\t<div class=\"col-xl-12\">\n\t\t\t\t\t\t\t\t\t\t\t\t<div class=\"team-singel-image-box\">\n\t\t\t\t\t\t\t<img decoding=\"async\" src=\"https:\/\/somossubaquatica.com.br\/wp-content\/uploads\/2026\/02\/662f96dc-5714-4879-ac07-413139f53124.jpeg\" alt=\"\"> \n\t\t\t\t\t\t\t\t\t\t\t\t\t<\/div>\n\t\t\t\t\t<\/div>      \n\t\t\t\t<\/div>\n\t\t\t<\/div>\n\t\t<\/section>\n\t\t<!--End Team Area--> \n\n\t\t\t\t\t\t<\/div>\n\t\t\t\t<\/div>\n\t\t\t\t<div class=\"elementor-element elementor-element-ae5ac15 elementor-widget elementor-widget-spacer\" data-id=\"ae5ac15\" data-element_type=\"widget\" data-e-type=\"widget\" data-widget_type=\"spacer.default\">\n\t\t\t\t\t\t\t<div class=\"elementor-spacer\">\n\t\t\t<div class=\"elementor-spacer-inner\"><\/div>\n\t\t<\/div>\n\t\t\t\t\t\t<\/div>\n\t\t\t\t\t<\/div>\n\t\t<\/div>\n\t\t\t\t<div class=\"elementor-column elementor-col-50 elementor-top-column elementor-element elementor-element-22a1b196\" data-id=\"22a1b196\" data-element_type=\"column\" data-e-type=\"column\">\n\t\t\t<div class=\"elementor-widget-wrap elementor-element-populated\">\n\t\t\t\t\t\t<div class=\"elementor-element elementor-element-1bb54423 elementor-widget elementor-widget-scubo_team_details_right\" data-id=\"1bb54423\" data-element_type=\"widget\" data-e-type=\"widget\" data-widget_type=\"scubo_team_details_right.default\">\n\t\t\t\t<div class=\"elementor-widget-container\">\n\t\t\t\t\t\t\t\n\t\t<!--Start Team Area-->\n\t\t<section class=\"two team-single-area\">\n\t\t\t<div class=\"container\">\n\t\t\t\t<div class=\"row\">\n\t\t\t\t\t<div class=\"col-xl-12\">\n\t\t\t\t\t\t<div class=\"team-member-info-box\">\n\t\t\t\t\t\t\t<div class=\"title\">\n\t\t\t\t\t\t\t\t<h3>Tha\u00eds M Vasconcelos<\/h3>\n\t\t\t\t\t\t\t\t<span><br>Criadora da Somossub <br>Instrutora de Mergulho PADI e SSI <br> Fotografa Sub<\/span>\n\t\t\t\t\t\t\t<\/div>\n\t\t\t\t\t\t\t<ul>\n\t\t\t\t\t\t\t\t\t\t\t\t\t\t\t\t\t\t\t\t\t\t\t\t<li><span>Idade:<\/span> 33 anos<\/li>\t\t\t\t\t\t\t\t\t\t\t\t\t\t\t\t                            \t\t\t\t\t\t\t\t\t\t\t\t\t\t\t<\/ul>\n\t\t\t\t\t\t\t<ul>\n\t\t\t\t\t\t\t\t\t\t\t\t\t\t\t\t\t\t\t\t\t\t\t\t\t\t\t\t\t\t\t\t\t\t\t\t\t\t\t<\/ul>\n\t\t\t\t\t\t\t<ul>\n\t\t\t\t\t\t\t\t\t\t\t\t\t\t\t\t\t\t\t\t\t\t\t\t\t\t\t\t\t\t\t\t\t\t\t\t\t\t\t<\/ul>\n\t\t\t\t\t\t\t<ul class=\"social-links-style1\">\n\t\t\t\t\t\t\t\t\t\t\t\t\t\t\t\t<li>\n\t\t\t\t\t\t\t\t\t<a href=\"#\"><i class=\"fab fa-instagram\" aria-hidden=\"true\"><\/i><\/a> \n\t\t\t\t\t\t\t\t<\/li>\n\t\t\t\t\t\t\t\t\t\t\t\t\t\t\t\t<li>\n\t\t\t\t\t\t\t\t\t<a href=\"#\"><i class=\"fab fa-facebook\" aria-hidden=\"true\"><\/i><\/a> \n\t\t\t\t\t\t\t\t<\/li>\n\t\t\t\t\t\t\t\t\t\t\t\t\t\t\t<\/ul>\n\t\t\t\t\t\t<\/div>    \n\t\t\t\t\t<\/div>       \n\t\t\t\t<\/div>\n\t\t\t<\/div>\n\t\t<\/section>\n\t\t<!--End Team Area--> \n\n\t\t\t\t\t\t<\/div>\n\t\t\t\t<\/div>\n\t\t\t\t\t<\/div>\n\t\t<\/div>\n\t\t\t\t\t<\/div>\n\t\t<\/section>\n\t\t\t\t<section class=\"elementor-section elementor-top-section elementor-element elementor-element-5066ab93 elementor-section-full_width elementor-section-height-default elementor-section-height-default\" data-id=\"5066ab93\" data-element_type=\"section\" data-e-type=\"section\">\n\t\t\t\t\t\t<div class=\"elementor-container elementor-column-gap-no\">\n\t\t\t\t\t<div class=\"elementor-column elementor-col-100 elementor-top-column elementor-element elementor-element-2dca7d76\" data-id=\"2dca7d76\" data-element_type=\"column\" data-e-type=\"column\">\n\t\t\t<div class=\"elementor-widget-wrap elementor-element-populated\">\n\t\t\t\t\t\t<div class=\"elementor-element elementor-element-4fea1d7b elementor-widget elementor-widget-scubo_team_details1\" data-id=\"4fea1d7b\" data-element_type=\"widget\" data-e-type=\"widget\" data-widget_type=\"scubo_team_details1.default\">\n\t\t\t\t<div class=\"elementor-widget-container\">\n\t\t\t\t\t\t\t\n\t\t<!--Start Team Area-->\n\t\t<section class=\"three team-single-area\">\n\t\t\t<div class=\"container\">\n\t\t\t\t<div class=\"row\">\n\t\t\t\t\t<div class=\"col-xl-12\">\n\t\t\t\t\t\t<div class=\"team-member-content-box\">\n\t\t\t\t\t\t\t<h3>Quem \u00e9 Tha<\/h3>\n\t\t\t\t\t\t\t<p>Tha\u00eds, instrutora PADI, fot\u00f3grafa\nsubaqu\u00e1tica, mergulhadora h\u00e1 16\nanos, Guia de Turismo e Formada\nem Meio Ambiente vem com uma\ntrajet\u00f3ria intensa no oceano e\numa vida dedicada \u00e0 conex\u00e3o com\na natureza e ao cuidado com as\n\npessoas.<br><br>Apaixonada pelo ambiente marinho, essa rela\u00e7\u00e3o com o mar vai muito al\u00e9m do trabalho; \u00e9 onde construiu toda a sua jornada. <br>Come\u00e7ou aos 18 anos como Guarda-Vidas no Rio de Janeiro e  logo ap\u00f3s no Esp\u00edrito Santo, e aos 24 anos mergulhou fundo (literalmente!) no mundo da instru\u00e7\u00e3o.\n\n<br>J\u00e1 rodou pelo sudeste (Cabo Frio, B\u00fazios, Paraty, Maca\u00e9, Guarapari, Vit\u00f3ria) ensinando em grandes escolas de mergulho e teve o privil\u00e9gio de levar sua experi\u00eancia para o mundo corporativo tamb\u00e9m. Na RelyOn Nutec, treinou equipes de gigantes como Shell e Petrobras, <br>garantindo que quem encara o mar a trabalho esteja sempre seguro. <\/p>\n\t\t\t\t\t\t\t<p>Al\u00e9m disso, a Tha n\u00e3o abre m\u00e3o de retribuir ao oceano: participando ativamente de grandes a\u00e7\u00f5es de conscientiza\u00e7\u00e3o ambiental. <br>Acreditando que proteger a vida e preservar a natureza s\u00e3o duas faces da mesma moeda.<\/p>\n\t\t\t\t\t\t<\/div>\n\t\t\t\t\t<\/div>\n\t\t\t\t<\/div>\n\t\t\t<\/div>\n\t\t<\/section>\n\t\t<!--End Team Area--> \n\n\t\t\t\t\t\t<\/div>\n\t\t\t\t<\/div>\n\t\t\t\t\t<\/div>\n\t\t<\/div>\n\t\t\t\t\t<\/div>\n\t\t<\/section>\n\t\t\t\t<section class=\"elementor-section elementor-top-section elementor-element elementor-element-93d4240 elementor-section-boxed elementor-section-height-default elementor-section-height-default\" data-id=\"93d4240\" data-element_type=\"section\" data-e-type=\"section\">\n\t\t\t\t\t\t<div class=\"elementor-container elementor-column-gap-no\">\n\t\t\t\t\t<div class=\"elementor-column elementor-col-50 elementor-top-column elementor-element elementor-element-d8ece96\" data-id=\"d8ece96\" data-element_type=\"column\" data-e-type=\"column\">\n\t\t\t<div class=\"elementor-widget-wrap elementor-element-populated\">\n\t\t\t\t\t\t<div class=\"elementor-element elementor-element-3794aef elementor-widget elementor-widget-scubo_team_details_left\" data-id=\"3794aef\" data-element_type=\"widget\" data-e-type=\"widget\" data-widget_type=\"scubo_team_details_left.default\">\n\t\t\t\t<div class=\"elementor-widget-container\">\n\t\t\t\t\t\t\t\n\t\t<!--Start Team Area-->\n\t\t<section class=\"one team-single-area\">\n\t\t\t<div class=\"container\">\n\t\t\t\t<div class=\"row\">\n\t\t\t\t\t<div class=\"col-xl-12\">\n\t\t\t\t\t\t\t\t\t\t\t\t<div class=\"team-singel-image-box\">\n\t\t\t\t\t\t\t<img decoding=\"async\" src=\"https:\/\/somossubaquatica.com.br\/wp-content\/uploads\/2026\/02\/e76261e1-0efa-4e58-83bd-dc5d6d09f9da-e1771603454935.jpeg\" alt=\"\"> \n\t\t\t\t\t\t\t\t\t\t\t\t\t<\/div>\n\t\t\t\t\t<\/div>      \n\t\t\t\t<\/div>\n\t\t\t<\/div>\n\t\t<\/section>\n\t\t<!--End Team Area--> \n\n\t\t\t\t\t\t<\/div>\n\t\t\t\t<\/div>\n\t\t\t\t\t<\/div>\n\t\t<\/div>\n\t\t\t\t<div class=\"elementor-column elementor-col-50 elementor-top-column elementor-element elementor-element-a7533e9\" data-id=\"a7533e9\" data-element_type=\"column\" data-e-type=\"column\">\n\t\t\t<div class=\"elementor-widget-wrap elementor-element-populated\">\n\t\t\t\t\t\t<div class=\"elementor-element elementor-element-4ea9bfb elementor-widget elementor-widget-scubo_team_details_right\" data-id=\"4ea9bfb\" data-element_type=\"widget\" data-e-type=\"widget\" data-widget_type=\"scubo_team_details_right.default\">\n\t\t\t\t<div class=\"elementor-widget-container\">\n\t\t\t\t\t\t\t\n\t\t<!--Start Team Area-->\n\t\t<section class=\"two team-single-area\">\n\t\t\t<div class=\"container\">\n\t\t\t\t<div class=\"row\">\n\t\t\t\t\t<div class=\"col-xl-12\">\n\t\t\t\t\t\t<div class=\"team-member-info-box\">\n\t\t\t\t\t\t\t<div class=\"title\">\n\t\t\t\t\t\t\t\t<h3>Djuliana Cappellari<\/h3>\n\t\t\t\t\t\t\t\t<span>Divemaster PADI  <br> Fotografa Sub <br>Adminitradora da Somossub<\/span>\n\t\t\t\t\t\t\t<\/div>\n\t\t\t\t\t\t\t<ul>\n\t\t\t\t\t\t\t\t\t\t\t\t\t\t\t\t\t\t\t\t\t\t\t\t<li><span>Idade:<\/span> 32 anos<\/li>\t\t\t\t\t\t\t\t\t\t\t\t\t\t\t\t                            \t\t\t\t\t\t\t\t\t\t\t\t\t\t\t<\/ul>\n\t\t\t\t\t\t\t<ul>\n\t\t\t\t\t\t\t\t\t\t\t\t\t\t\t\t\t\t\t\t\t\t\t\t\t\t\t\t\t\t\t\t\t\t\t\t\t\t\t<\/ul>\n\t\t\t\t\t\t\t<ul>\n\t\t\t\t\t\t\t\t\t\t\t\t\t\t\t\t\t\t\t\t\t\t\t\t\t\t\t\t\t\t\t\t\t\t\t\t\t\t\t<\/ul>\n\t\t\t\t\t\t\t<ul class=\"social-links-style1\">\n\t\t\t\t\t\t\t\t\t\t\t\t\t\t\t\t<li>\n\t\t\t\t\t\t\t\t\t<a href=\"#\"><i class=\"fab fa-instagram\" aria-hidden=\"true\"><\/i><\/a> \n\t\t\t\t\t\t\t\t<\/li>\n\t\t\t\t\t\t\t\t\t\t\t\t\t\t\t\t<li>\n\t\t\t\t\t\t\t\t\t<a href=\"#\"><i class=\"fab fa-facebook\" aria-hidden=\"true\"><\/i><\/a> \n\t\t\t\t\t\t\t\t<\/li>\n\t\t\t\t\t\t\t\t\t\t\t\t\t\t\t<\/ul>\n\t\t\t\t\t\t<\/div>    \n\t\t\t\t\t<\/div>       \n\t\t\t\t<\/div>\n\t\t\t<\/div>\n\t\t<\/section>\n\t\t<!--End Team Area--> \n\n\t\t\t\t\t\t<\/div>\n\t\t\t\t<\/div>\n\t\t\t\t\t<\/div>\n\t\t<\/div>\n\t\t\t\t\t<\/div>\n\t\t<\/section>\n\t\t\t\t<section class=\"elementor-section elementor-top-section elementor-element elementor-element-9743909 elementor-section-full_width elementor-section-height-default elementor-section-height-default\" data-id=\"9743909\" data-element_type=\"section\" data-e-type=\"section\">\n\t\t\t\t\t\t<div class=\"elementor-container elementor-column-gap-no\">\n\t\t\t\t\t<div class=\"elementor-column elementor-col-100 elementor-top-column elementor-element elementor-element-a3cbfd9\" data-id=\"a3cbfd9\" data-element_type=\"column\" data-e-type=\"column\">\n\t\t\t<div class=\"elementor-widget-wrap elementor-element-populated\">\n\t\t\t\t\t\t<div class=\"elementor-element elementor-element-1404204 elementor-widget elementor-widget-scubo_team_details1\" data-id=\"1404204\" data-element_type=\"widget\" data-e-type=\"widget\" data-widget_type=\"scubo_team_details1.default\">\n\t\t\t\t<div class=\"elementor-widget-container\">\n\t\t\t\t\t\t\t\n\t\t<!--Start Team Area-->\n\t\t<section class=\"three team-single-area\">\n\t\t\t<div class=\"container\">\n\t\t\t\t<div class=\"row\">\n\t\t\t\t\t<div class=\"col-xl-12\">\n\t\t\t\t\t\t<div class=\"team-member-content-box\">\n\t\t\t\t\t\t\t<h3>Quem \u00e9 Dju<\/h3>\n\t\t\t\t\t\t\t<p>A Dju \u00e9 o que chamamos de alma livre mas com p\u00e9 no ch\u00e3o. Servidora p\u00fablica de carreira, ela encontrou no contraste entre o azul do c\u00e9u e o do oceano sua verdadeira casa. Nossa Divemaster e paraquedista,  traz na bagagem a coragem de quem salta nas nuvens e a sensibilidade de quem vive a vida sob as ondas.\n\nMergulhadora desde 2024, ela transformou seu encantamento pelos animais marinhos em miss\u00e3o. Com sua alma viajante e paix\u00e3o inata, a Dju n\u00e3o apenas guia mergulhos e viagens; ela compartilha descobertas. <\/p>\n\t\t\t\t\t\t\t<p>Sua natureza curiosa e acolhedora prova que o mar est\u00e1 muito mais perto de Porto Alegre do que parece, transformando cada expedi\u00e7\u00e3o em uma jornada calorosa e inesquec\u00edvel de conex\u00e3o com o azul.<\/p>\n\t\t\t\t\t\t<\/div>\n\t\t\t\t\t<\/div>\n\t\t\t\t<\/div>\n\t\t\t<\/div>\n\t\t<\/section>\n\t\t<!--End Team Area--> \n\n\t\t\t\t\t\t<\/div>\n\t\t\t\t<\/div>\n\t\t\t\t\t<\/div>\n\t\t<\/div>\n\t\t\t\t\t<\/div>\n\t\t<\/section>\n\t\t\t\t<section class=\"elementor-section elementor-top-section elementor-element elementor-element-0527d53 elementor-section-full_width elementor-section-height-default elementor-section-height-default\" data-id=\"0527d53\" data-element_type=\"section\" data-e-type=\"section\">\n\t\t\t\t\t\t<div class=\"elementor-container elementor-column-gap-no\">\n\t\t\t\t\t<div class=\"elementor-column elementor-col-100 elementor-top-column elementor-element elementor-element-8f47de0\" data-id=\"8f47de0\" data-element_type=\"column\" data-e-type=\"column\">\n\t\t\t<div class=\"elementor-widget-wrap elementor-element-populated\">\n\t\t\t\t\t\t<div class=\"elementor-element elementor-element-e72ff4d elementor-widget elementor-widget-scubo_team_details1\" data-id=\"e72ff4d\" data-element_type=\"widget\" data-e-type=\"widget\" data-widget_type=\"scubo_team_details1.default\">\n\t\t\t\t<div class=\"elementor-widget-container\">\n\t\t\t\t\t\t\t\n\t\t<!--Start Team Area-->\n\t\t<section class=\"three team-single-area\">\n\t\t\t<div class=\"container\">\n\t\t\t\t<div class=\"row\">\n\t\t\t\t\t<div class=\"col-xl-12\">\n\t\t\t\t\t\t<div class=\"team-member-content-box\">\n\t\t\t\t\t\t\t<h3>''Juntas, criamos uma atmosfera\nleve, afetiva e segura para quem\nchega.\n\n<br>Cada curso e cada expedi\u00e7\u00e3o\ns\u00e3o pensados com carinho e\ncomprometimento,<br>para que\ncada pessoa se sinta bem-vinda\ne respeitada em sua hist\u00f3ria,\nritmo e individualidade.''<\/h3>\n\t\t\t\t\t\t\t<p><\/p>\n\t\t\t\t\t\t\t<p><\/p>\n\t\t\t\t\t\t<\/div>\n\t\t\t\t\t<\/div>\n\t\t\t\t<\/div>\n\t\t\t<\/div>\n\t\t<\/section>\n\t\t<!--End Team Area--> \n\n\t\t\t\t\t\t<\/div>\n\t\t\t\t<\/div>\n\t\t\t\t\t<\/div>\n\t\t<\/div>\n\t\t\t\t\t<\/div>\n\t\t<\/section>\n\t\t<div class=\"elementor-element elementor-element-ff3db93 e-flex e-con-boxed e-con e-parent\" data-id=\"ff3db93\" data-element_type=\"container\" data-e-type=\"container\">\n\t\t\t\t\t<div class=\"e-con-inner\">\n\t\t\t\t<div class=\"elementor-element elementor-element-34ad674 elementor-widget elementor-widget-spacer\" data-id=\"34ad674\" data-element_type=\"widget\" data-e-type=\"widget\" data-widget_type=\"spacer.default\">\n\t\t\t\t\t\t\t<div class=\"elementor-spacer\">\n\t\t\t<div class=\"elementor-spacer-inner\"><\/div>\n\t\t<\/div>\n\t\t\t\t\t\t<\/div>\n\t\t\t\t\t<\/div>\n\t\t\t\t<\/div>\n\t\t\t\t<\/div>\n\t\t","protected":false},"excerpt":{"rendered":"<p>Tha\u00eds M Vasconcelos Criadora da Somossub Instrutora de Mergulho PADI e SSI Fotografa Sub Idade: 33 anos Quem \u00e9 Tha Tha\u00eds, instrutora PADI, fot\u00f3grafa subaqu\u00e1tica, mergulhadora h\u00e1 16 anos, Guia de Turismo e Formada em Meio Ambiente vem com uma trajet\u00f3ria intensa no oceano e uma vida dedicada \u00e0 conex\u00e3o com a natureza e ao [&hellip;]<\/p>\n","protected":false},"author":1,"featured_media":0,"parent":0,"menu_order":0,"comment_status":"closed","ping_status":"closed","template":"tpl-default-elementor.php","meta":{"footnotes":""},"class_list":["post-426","page","type-page","status-publish","hentry"],"_links":{"self":[{"href":"https:\/\/somossubaquatica.com.br\/index.php\/wp-json\/wp\/v2\/pages\/426","targetHints":{"allow":["GET"]}}],"collection":[{"href":"https:\/\/somossubaquatica.com.br\/index.php\/wp-json\/wp\/v2\/pages"}],"about":[{"href":"https:\/\/somossubaquatica.com.br\/index.php\/wp-json\/wp\/v2\/types\/page"}],"author":[{"embeddable":true,"href":"https:\/\/somossubaquatica.com.br\/index.php\/wp-json\/wp\/v2\/users\/1"}],"replies":[{"embeddable":true,"href":"https:\/\/somossubaquatica.com.br\/index.php\/wp-json\/wp\/v2\/comments?post=426"}],"version-history":[{"count":10,"href":"https:\/\/somossubaquatica.com.br\/index.php\/wp-json\/wp\/v2\/pages\/426\/revisions"}],"predecessor-version":[{"id":1299,"href":"https:\/\/somossubaquatica.com.br\/index.php\/wp-json\/wp\/v2\/pages\/426\/revisions\/1299"}],"wp:attachment":[{"href":"https:\/\/somossubaquatica.com.br\/index.php\/wp-json\/wp\/v2\/media?parent=426"}],"curies":[{"name":"wp","href":"https:\/\/api.w.org\/{rel}","templated":true}]}}