{"id":1341,"date":"2026-04-22T16:02:20","date_gmt":"2026-04-22T16:02:20","guid":{"rendered":"https:\/\/somossubaquatica.com.br\/?page_id=1341"},"modified":"2026-04-22T16:04:19","modified_gmt":"2026-04-22T16:04:19","slug":"maldivas-maio-de-2027","status":"publish","type":"page","link":"https:\/\/somossubaquatica.com.br\/index.php\/maldivas-maio-de-2027\/","title":{"rendered":"Maldivas 2027"},"content":{"rendered":"\t\t<div data-elementor-type=\"wp-page\" data-elementor-id=\"1341\" class=\"elementor elementor-1341\">\n\t\t\t\t\t\t<section class=\"elementor-section elementor-top-section elementor-element elementor-element-824fd0b elementor-section-full_width elementor-section-height-default elementor-section-height-default\" data-id=\"824fd0b\" data-element_type=\"section\" data-e-type=\"section\">\n\t\t\t\t\t\t<div class=\"elementor-container elementor-column-gap-no\">\n\t\t\t\t\t<div class=\"elementor-column elementor-col-100 elementor-top-column elementor-element elementor-element-1828b8f2\" data-id=\"1828b8f2\" data-element_type=\"column\" data-e-type=\"column\">\n\t\t\t<div class=\"elementor-widget-wrap\">\n\t\t\t\t\t\t\t<\/div>\n\t\t<\/div>\n\t\t\t\t\t<\/div>\n\t\t<\/section>\n\t\t\t\t<section class=\"elementor-section elementor-top-section elementor-element elementor-element-81dc3c3 elementor-section-full_width elementor-section-height-default elementor-section-height-default\" data-id=\"81dc3c3\" data-element_type=\"section\" data-e-type=\"section\">\n\t\t\t\t\t\t<div class=\"elementor-container elementor-column-gap-no\">\n\t\t\t\t\t<div class=\"elementor-column elementor-col-100 elementor-top-column elementor-element elementor-element-6069036a\" data-id=\"6069036a\" data-element_type=\"column\" data-e-type=\"column\">\n\t\t\t<div class=\"elementor-widget-wrap elementor-element-populated\">\n\t\t\t\t\t\t<div class=\"elementor-element elementor-element-108ce224 elementor-widget elementor-widget-scubo_course_details1\" data-id=\"108ce224\" data-element_type=\"widget\" data-e-type=\"widget\" data-widget_type=\"scubo_course_details1.default\">\n\t\t\t\t<div class=\"elementor-widget-container\">\n\t\t\t\t\t\n        <section class=\"course-details one\">\n            <div class=\"container\">\n                <div class=\"course-details__image\">\n                       \n\t\t\t\t\t<img decoding=\"async\" src=\"https:\/\/somossubaquatica.com.br\/wp-content\/uploads\/2026\/04\/maldivas-2027-e1776873841456.jpg\" alt=\"\"\/>\n\t\t\t\t\t                    <div class=\"course-details__infos wow fadeInRight\" data-wow-duration=\"1500ms\">\n                        <div class=\"course-details__infos-title\">detalhes<\/div>\n\t\t\t\t\t\t                        <div class=\"course-details__infos-single\">\n                            <span>12x U$390<\/span>\n                            <p>taxas <br> inclusas<\/p>\n                        <\/div>\n\t\t\t\t\t\t                        <div class=\"course-details__infos-single\">\n                            <span><\/span>\n                            <p>18 mergulhos com nitrox<\/p>\n                        <\/div>\n\t\t\t\t\t\t                        <div class=\"course-details__infos-single\">\n                            <span>7<\/span>\n                            <p>noites Live aboard <br> com caf\u00e9 da manh\u00e3, lanches, almo\u00e7o e jantar inclusos<\/p>\n                        <\/div>\n\t\t\t\t\t\t                    <\/div><!-- \/.course-details__infos -->\n                <\/div><!-- \/.course-details__image -->\n            <\/div><!-- \/.container -->\n        <\/section><!-- \/.course-details -->\n            \n\t\t\t\t\t\t<\/div>\n\t\t\t\t<\/div>\n\t\t\t\t<div class=\"elementor-element elementor-element-5858c35f elementor-widget elementor-widget-scubo_course_details2\" data-id=\"5858c35f\" data-element_type=\"widget\" data-e-type=\"widget\" data-widget_type=\"scubo_course_details2.default\">\n\t\t\t\t<div class=\"elementor-widget-container\">\n\t\t\t\t\t\n        <section class=\"course-details two\">\n            <div class=\"container\">\n                <div class=\"course-details__content\">\n                    <h3><BR><BR> Live Aboard nas MALDIVAS  <br>01 A 08 DE MAIO DE 2027<\/h3>\n                    <p>Maldivas \u00e9 um arquip\u00e9lago localizado no Oceano \u00cdndico, ao sudoeste da \u00cdndia e do Sri Lanka, famoso por suas \u00e1guas cristalinas, recifes preservados e alguns dos melhores mergulhos do mundo. A cultura local das Maldivas tem forte influ\u00eancia do Islamismo e de tradi\u00e7\u00f5es do sul da \u00c1sia, refletidas na gastronomia, na arquitetura e no modo de vida tranquilo das ilhas.<BR> As Maldivas s\u00e3o um dos destinos mais desejados do mundo para mergulhadores. Localizado no cora\u00e7\u00e3o do Oceano \u00cdndico, o arquip\u00e9lago \u00e9 formado por mais de 1.000 ilhas distribu\u00eddas em 26 at\u00f3is, criando um verdadeiro labirinto de recifes, canais e pared\u00f5es cheios de vida.<BR>Os mergulhos nos At\u00f3is Centrais das Maldivas s\u00e3o incr\u00edveis!! <BR> A geografia dos at\u00f3is cria canais com correntes ricas em nutrientes que atraem grande quantidade de vida marinha. Isso, somado a recifes saud\u00e1veis e diferentes forma\u00e7\u00f5es como canais, pin\u00e1culos e pared\u00f5es, faz com que a regi\u00e3o tenha muita biodiversidade.<BR> Durante os mergulhos \u00e9 poss\u00edvel encontrar tubar\u00e3o-tigre, tubar\u00f5es de recife como o galha branca e o galha preta, tubar\u00e3olixa, raias manta oce\u00e2nicas, tubar\u00e3o-baleia, tartarugas, moreias, polvos, peixes-palha\u00e7o e uma grande variedade de peixes de recife coloridos. <\/p>\n                    <h4><br>O que Inclui<\/h4>\n                    <p>\u2022 Traslados em Mal\u00e9 (aeroporto \/ barco \/ aeroporto)<BR>\u2022 7 noites de acomoda\u00e7\u00e3o no liveaboard Blue Force One em cabine Deluxe <BR> \u2022 Pens\u00e3o completa durante toda a expedi\u00e7\u00e3o \u00c1gua, caf\u00e9 e ch\u00e1 a bordo<BR> \u2022 At\u00e9 18 mergulhos durante a semana Nitrox <BR> \u2022 Taxas locais e impostos do destino nas Maldivas (U$D910)<br>\n\u2022 Acompanhamento Staff Somossub<\/p>\n                    <p><br><br>O QUE N\u00c3O INCLUI <br><br> \u2022 Passagem a\u00e9rea internacional at\u00e9 Mal\u00e9 <BR>\u2022 Seguro viagem e seguro de mergulho \u2022 Seguro viagem e seguro de mergulho<BR> \u2022 Bebidas alco\u00f3licas e refrigerantes a bordo<BR> \u2022 Bebidas alco\u00f3licas e refrigerantes a bordo <BR>\u2022 Loca\u00e7\u00e3o de equipamentos de mergulho<BR> \u2022 Loca\u00e7\u00e3o de equipamentos de mergulho<BR> \u2022 Despesas pessoais <bR> \u2022 Despesas pessoais<BR> \u2022 Gorjeta da equipe de mergulho (recomendado USD 300 por pessoa)<\/p>\n\t\t\t\t\t                    <a href=\"http:\/\/wa.me\/5551992513859\" class=\"thm-btn course-details__btn\">quero garantir minha vaga<\/a>\n\t\t\t\t\t\t\n                <\/div><!-- \/.course-details__content -->\n            <\/div><!-- \/.container -->\n        <\/section><!-- \/.course-details -->\n            \n\t\t\t\t\t\t<\/div>\n\t\t\t\t<\/div>\n\t\t\t\t\t<\/div>\n\t\t<\/div>\n\t\t\t\t\t<\/div>\n\t\t<\/section>\n\t\t\t\t<\/div>\n\t\t","protected":false},"excerpt":{"rendered":"<p>detalhes 12x U$390 taxas inclusas 18 mergulhos com nitrox 7 noites Live aboard com caf\u00e9 da manh\u00e3, lanches, almo\u00e7o e jantar inclusos Live Aboard nas MALDIVAS 01 A 08 DE MAIO DE 2027 Maldivas \u00e9 um arquip\u00e9lago localizado no Oceano \u00cdndico, ao sudoeste da \u00cdndia e do Sri Lanka, famoso por suas \u00e1guas cristalinas, recifes [&hellip;]<\/p>\n","protected":false},"author":1,"featured_media":0,"parent":0,"menu_order":0,"comment_status":"closed","ping_status":"closed","template":"tpl-default-elementor.php","meta":{"footnotes":""},"class_list":["post-1341","page","type-page","status-publish","hentry"],"_links":{"self":[{"href":"https:\/\/somossubaquatica.com.br\/index.php\/wp-json\/wp\/v2\/pages\/1341","targetHints":{"allow":["GET"]}}],"collection":[{"href":"https:\/\/somossubaquatica.com.br\/index.php\/wp-json\/wp\/v2\/pages"}],"about":[{"href":"https:\/\/somossubaquatica.com.br\/index.php\/wp-json\/wp\/v2\/types\/page"}],"author":[{"embeddable":true,"href":"https:\/\/somossubaquatica.com.br\/index.php\/wp-json\/wp\/v2\/users\/1"}],"replies":[{"embeddable":true,"href":"https:\/\/somossubaquatica.com.br\/index.php\/wp-json\/wp\/v2\/comments?post=1341"}],"version-history":[{"count":4,"href":"https:\/\/somossubaquatica.com.br\/index.php\/wp-json\/wp\/v2\/pages\/1341\/revisions"}],"predecessor-version":[{"id":1346,"href":"https:\/\/somossubaquatica.com.br\/index.php\/wp-json\/wp\/v2\/pages\/1341\/revisions\/1346"}],"wp:attachment":[{"href":"https:\/\/somossubaquatica.com.br\/index.php\/wp-json\/wp\/v2\/media?parent=1341"}],"curies":[{"name":"wp","href":"https:\/\/api.w.org\/{rel}","templated":true}]}}